{"id":1688,"date":"2026-02-23T16:47:22","date_gmt":"2026-02-23T16:47:22","guid":{"rendered":"https:\/\/fwherold.de\/?page_id=1688"},"modified":"2026-02-27T02:25:20","modified_gmt":"2026-02-27T02:25:20","slug":"wahl-2026-ich-stehe-fuer-verantwortung","status":"publish","type":"page","link":"https:\/\/fwherold.de\/?page_id=1688","title":{"rendered":"Wahl: 2026"},"content":{"rendered":"\n<p><strong>Ich stehe f\u00fcr Verantwortung<\/strong><\/p>\n\n\n\n<p>Neuburg steht an einem Wendepunkt.<\/p>\n\n\n<div class=\"wp-block-image\">\n<figure class=\"alignleft size-large is-resized\"><img loading=\"lazy\" decoding=\"async\" width=\"2250\" height=\"3000\" src=\"https:\/\/fwherold.de\/wp-content\/uploads\/2026\/02\/Florian-Herold-2250x3000.jpg\" alt=\"\" class=\"wp-image-1691\" style=\"aspect-ratio:0.7499999830206358;width:305px;height:auto\" srcset=\"https:\/\/fwherold.de\/wp-content\/uploads\/2026\/02\/Florian-Herold-2250x3000.jpg 2250w, https:\/\/fwherold.de\/wp-content\/uploads\/2026\/02\/Florian-Herold-1500x2000.jpg 1500w, https:\/\/fwherold.de\/wp-content\/uploads\/2026\/02\/Florian-Herold-768x1024.jpg 768w, https:\/\/fwherold.de\/wp-content\/uploads\/2026\/02\/Florian-Herold-1152x1536.jpg 1152w, https:\/\/fwherold.de\/wp-content\/uploads\/2026\/02\/Florian-Herold-1536x2048.jpg 1536w, https:\/\/fwherold.de\/wp-content\/uploads\/2026\/02\/Florian-Herold-scaled.jpg 1920w\" sizes=\"auto, (max-width: 767px) 89vw, (max-width: 1000px) 54vw, (max-width: 1071px) 543px, 580px\" \/><\/figure>\n<\/div>\n\n\n<p><br>Wir haben Sie gefragt, in einer umfangreichen Umfrage. Ich sehe was Neuburg wichtig ist, dieses nehme ich auf uns m\u00f6chte es in Taten wandeln. <\/p>\n\n\n\n<p>Wir haben rund 120 Millionen Euro Gesamtverschuldung.<br>Wir haben steigende Kosten.<br>Wir haben Erwartungen, die gr\u00f6\u00dfer sind als unsere Spielr\u00e4ume.<\/p>\n\n\n\n<p>Und trotzdem sage ich:<br>Wir k\u00f6nnen gestalten.<\/p>\n\n\n\n<p>Aber nur mit Plan.<br>Nur mit Priorit\u00e4ten.<br>Nur mit Mut zur Ver\u00e4nderung.<\/p>\n\n\n\n<p>Wenn Sie mir 2026 die Verantwortung als Oberb\u00fcrgermeister \u00fcbertragen, gehe ich strukturiert vor.<\/p>\n\n\n\n<hr class=\"wp-block-separator has-alpha-channel-opacity\"\/>\n\n\n\n<h3 class=\"wp-block-heading\">Direkt nach der Wahl<\/h3>\n\n\n\n<p>In der ersten Woche f\u00fchre ich Gespr\u00e4che mit allen Fraktionen. Ich will wissen, wo Schnittmengen liegen und wo wir gro\u00dfe, tragf\u00e4hige Mehrheiten organisieren k\u00f6nnen. Ein Oberb\u00fcrgermeister f\u00fchrt die gesamte Stadt, nicht nur eine politische Richtung.<\/p>\n\n\n\n<p>Parallel setze ich mich mit allen \u00c4mtern zusammen. Ich h\u00f6re zu. Was ist liegen geblieben. Wo stocken Prozesse. Was brennt den Mitarbeitenden unter den N\u00e4geln. Von der Kinderbetreuung \u00fcber den Bauhof bis zur Stadtkasse. Nur wer das ganze Bild kennt, kann richtig priorisieren.<\/p>\n\n\n\n<p>Ab Woche zwei beginne ich mit der Neuausrichtung der Wirtschaftsf\u00f6rderung. Weg vom Verwalten, hin zum aktiven Entwickeln. Ich werde selbst Unternehmen besuchen, Gespr\u00e4che f\u00fchren und proaktiv auf Betriebe zugehen. Bestehende Unternehmen sichern Arbeitspl\u00e4tze. Neue bringen Zukunft.<\/p>\n\n\n\n<hr class=\"wp-block-separator has-alpha-channel-opacity\"\/>\n\n\n\n<h3 class=\"wp-block-heading\">Bis zum Sommer<\/h3>\n\n\n\n<p>Vor der Sommerpause sto\u00dfe ich ein integriertes Stadtentwicklungskonzept an. \u00dcber den Sommer organisieren wir eine starke B\u00fcrger und Unternehmensbeteiligung. Nach der Sommerpause starten wir gemeinsam mit dem Stadtrat strukturiert in die Umsetzung.<\/p>\n\n\n\n<p>Gleichzeitig pr\u00fcfen wir alle Kosten f\u00fcr 2027 und dar\u00fcber hinaus. Ziel ist es, Mittel vom laufenden Verbrauch in nachhaltige Investitionen zu verschieben. Umschichten statt einfach neu verschulden.<\/p>\n\n\n\n<p>Ich bringe alle Akteure f\u00fcr ein lebendiges Stadtzentrum an einen Tisch. Handel, Gastronomie, Hotellerie, Dienstleister. Wir definieren klare Priorit\u00e4ten zu Parken, Aufenthaltsqualit\u00e4t, Veranstaltungen und Frequenzbringern. Ein Zentrum ist das Herz unserer Stadt. Dieses Herz muss wieder lauter schlagen.<\/p>\n\n\n\n<p>Auch unsere Infrastruktur bekommt Priorit\u00e4t. Unsere Netze f\u00fcr Wasser und Strom m\u00fcssen stabil und zukunftsf\u00e4hig bleiben. Versorgungssicherheit ist keine Nebensache, sondern Grundlage unseres Lebens.<\/p>\n\n\n\n<hr class=\"wp-block-separator has-alpha-channel-opacity\"\/>\n\n\n\n<h3 class=\"wp-block-heading\">Im Laufe dieses Jahres 2026<\/h3>\n\n\n\n<p>Wir stellen die Kulturf\u00f6rderung breiter auf. Mehr Raum f\u00fcr Vereine, junge Initiativen und neue Formate. Vielfalt statt Gewohnheit.<\/p>\n\n\n\n<p>Auf Basis meines Antrags als Stadtrat zur Entwicklung eines Parkkonzeptes m\u00f6chte ich gemeinsam mit allen Fraktionen ein umfassendes Gesamtpark und Verkehrskonzept erarbeiten. Es geht nicht um Einzelma\u00dfnahmen, sondern um ein abgestimmtes Gesamtsystem. Dazu geh\u00f6ren unter anderem die Donauquerung mit Ortsumfahrung, eine Fu\u00dfg\u00e4ngerbr\u00fccke, der Ausbau des Schl\u00f6sslwiese Parkplatzes und weitere strukturelle Ma\u00dfnahmen. Wir m\u00fcssen Parken, Verkehrsf\u00fchrung, Anbindung und Stadtentwicklung zusammen denken, neue Ideen zulassen und gemeinsam tragf\u00e4hige L\u00f6sungen entwickeln.<\/p>\n\n\n\n<p>Wir entwickeln einen realistischen Plan f\u00fcr unsere B\u00e4der. Sanierung oder Neubau, aber ehrlich finanziert und mit klarem Zeitrahmen.<\/p>\n\n\n\n<p>Wir st\u00e4rken unsere Ortsteile. Bessere Anbindung im \u00f6ffentlichen Nahverkehr, gezielte Infrastrukturma\u00dfnahmen und echte Beteiligung. Neuburg endet nicht an der Kernstadt.<\/p>\n\n\n\n<p>Wir erarbeiten einen neuen Fl\u00e4chennutzungsplan mit klaren Gewerbefl\u00e4chen. Dazu geh\u00f6ren ein Gr\u00fcnderzentrum und perspektivisch eine Stadtentwicklungsgesellschaft, damit wir Entwicklung nicht nur verwalten, sondern aktiv gestalten.<\/p>\n\n\n\n<p>Kinder und Familien bleiben klare Priorit\u00e4t. Wir h\u00f6ren Schulen und Einrichtungen zu und setzen um, was sinnvoll und finanzierbar ist.<\/p>\n\n\n\n<p>Ich werde zus\u00e4tzlich regelm\u00e4\u00dfig transparent informieren. Mit offenen Formaten, digitalen Sitzungen und einem w\u00f6chentlichen B\u00fcrgerupdate. Verantwortung hei\u00dft f\u00fcr mich, Entscheidungen erkl\u00e4rbar zu machen.<\/p>\n\n\n\n<hr class=\"wp-block-separator has-alpha-channel-opacity\"\/>\n\n\n\n<p>Ich verspreche keine Wunder.<br>Ich verspreche Beweisbarkeit.<\/p>\n\n\n\n<p>Seit sechs Jahren dokumentiere ich meine Antr\u00e4ge und Initiativen \u00f6ffentlich. Ich stehe f\u00fcr Verantwortung. F\u00fcr Transparenz. F\u00fcr Entscheidungen mit Finanzierung.<\/p>\n\n\n\n<p>Neuburg braucht keinen, der winkt.<br>Neuburg braucht jemanden, der f\u00fchrt.<\/p>\n\n\n\n<p>Ich bin bereit.<br>Ihr<br>Florian Herold<\/p>\n\n\n\n<p>Zusammen mit meinen Stadtratsteam; mehr auf <a href=\"https:\/\/www.fw-neuburg.de\/\" target=\"_blank\" rel=\"noreferrer noopener\">fw-neuburg.de<\/a><\/p>\n\n\n\n<figure class=\"wp-block-image size-large is-resized\"><a href=\"https:\/\/www.fw-neuburg.de\/\"><img loading=\"lazy\" decoding=\"async\" width=\"3000\" height=\"1876\" src=\"https:\/\/fwherold.de\/wp-content\/uploads\/2026\/02\/80-DSC03126B-3000x1876.jpg\" alt=\"\" class=\"wp-image-1693\" style=\"aspect-ratio:1.5991774446042248;width:425px;height:auto\" srcset=\"https:\/\/fwherold.de\/wp-content\/uploads\/2026\/02\/80-DSC03126B-3000x1876.jpg 3000w, https:\/\/fwherold.de\/wp-content\/uploads\/2026\/02\/80-DSC03126B-2000x1251.jpg 2000w, https:\/\/fwherold.de\/wp-content\/uploads\/2026\/02\/80-DSC03126B-768x480.jpg 768w, https:\/\/fwherold.de\/wp-content\/uploads\/2026\/02\/80-DSC03126B-1536x960.jpg 1536w, https:\/\/fwherold.de\/wp-content\/uploads\/2026\/02\/80-DSC03126B-2048x1281.jpg 2048w\" sizes=\"auto, (max-width: 767px) 89vw, (max-width: 1000px) 54vw, (max-width: 1071px) 543px, 580px\" \/><\/a><\/figure>\n\n\n\n<p><br>Ich bin bereit.<br>Ihr, Florian Herold<\/p>\n\n\n\n<p>Was w\u00fcrde ich tun, im Gespr\u00e4ch mit Deniz Murici<\/p>\n\n\n\n<p>Teil 1<\/p>\n\n\n\n<figure class=\"wp-block-video\"><video height=\"1920\" style=\"aspect-ratio: 1080 \/ 1920;\" width=\"1080\" controls src=\"https:\/\/fwherold.de\/wp-content\/uploads\/2026\/02\/Teil-1-Zusammen-fuer-Neuburg.mp4\"><\/video><\/figure>\n\n\n\n<p>Teil 2<\/p>\n\n\n\n<figure class=\"wp-block-video\"><video height=\"1280\" style=\"aspect-ratio: 720 \/ 1280;\" width=\"720\" controls src=\"https:\/\/fwherold.de\/wp-content\/uploads\/2026\/02\/Teil-2-Wirtschaft-Stadtzentrum-und-Versorgung-freiewaehlerneuburg-florianherold-1.mp4\"><\/video><\/figure>\n\n\n\n<p>Teil 3<\/p>\n\n\n\n<figure class=\"wp-block-video\"><video height=\"1920\" style=\"aspect-ratio: 1080 \/ 1920;\" width=\"1080\" controls src=\"https:\/\/fwherold.de\/wp-content\/uploads\/2026\/02\/Teil-3-kluge-Strukturen.mp4\"><\/video><\/figure>\n\n\n\n<p>Teil 4<\/p>\n\n\n\n<figure class=\"wp-block-video\"><video height=\"1920\" style=\"aspect-ratio: 1080 \/ 1920;\" width=\"1080\" controls src=\"https:\/\/fwherold.de\/wp-content\/uploads\/2026\/02\/Teil-4-Beteiligung-und-Infrastruktur.mp4\"><\/video><\/figure>\n\n\n\n<p>Teil 5<\/p>\n\n\n\n<figure class=\"wp-block-video\"><video height=\"1920\" style=\"aspect-ratio: 1080 \/ 1920;\" width=\"1080\" controls src=\"https:\/\/fwherold.de\/wp-content\/uploads\/2026\/02\/Teil-5-Entwicklung-von-Neuburg.mp4\"><\/video><\/figure>\n\n\n\n<p>Teil 6<\/p>\n\n\n\n<figure class=\"wp-block-video\"><video height=\"1280\" style=\"aspect-ratio: 720 \/ 1280;\" width=\"720\" controls src=\"https:\/\/fwherold.de\/wp-content\/uploads\/2026\/02\/Teil-6-Finanzierung-und-Ideen-freiewaehlerneuburg-florianherold.mp4\"><\/video><\/figure>\n\n\n\n<p>Teil 7<\/p>\n\n\n\n<figure class=\"wp-block-video\"><video height=\"1280\" style=\"aspect-ratio: 720 \/ 1280;\" width=\"720\" controls src=\"https:\/\/fwherold.de\/wp-content\/uploads\/2026\/02\/Teil-7-es-gibt-viel-zu-tun-freiewaehlerneuburg-florianherold.mp4\"><\/video><\/figure>\n\n\n\n<p>Teil 8<\/p>\n\n\n\n<figure class=\"wp-block-video\"><video height=\"1280\" style=\"aspect-ratio: 720 \/ 1280;\" width=\"720\" controls src=\"https:\/\/fwherold.de\/wp-content\/uploads\/2026\/02\/Teil-8-Fazit-freiewaehlerneuburg-florianherold.mp4\"><\/video><\/figure>\n","protected":false},"excerpt":{"rendered":"<p>Ich stehe f\u00fcr Verantwortung Neuburg steht an einem Wendepunkt. Wir haben Sie gefragt, in einer umfangreichen Umfrage. Ich sehe was Neuburg wichtig ist, dieses nehme ich auf uns m\u00f6chte es in Taten wandeln. Wir haben rund 120 Millionen Euro Gesamtverschuldung.Wir haben steigende Kosten.Wir haben Erwartungen, die gr\u00f6\u00dfer sind als unsere Spielr\u00e4ume. Und trotzdem sage ich:Wir &hellip; <\/p>\n<p class=\"link-more\"><a href=\"https:\/\/fwherold.de\/?page_id=1688\" class=\"more-link\"><span class=\"screen-reader-text\">\u201eWahl: 2026\u201c <\/span>weiterlesen<\/a><\/p>\n","protected":false},"author":1,"featured_media":0,"parent":0,"menu_order":0,"comment_status":"closed","ping_status":"closed","template":"","meta":{"footnotes":""},"class_list":["post-1688","page","type-page","status-publish","hentry"],"_links":{"self":[{"href":"https:\/\/fwherold.de\/index.php?rest_route=\/wp\/v2\/pages\/1688","targetHints":{"allow":["GET"]}}],"collection":[{"href":"https:\/\/fwherold.de\/index.php?rest_route=\/wp\/v2\/pages"}],"about":[{"href":"https:\/\/fwherold.de\/index.php?rest_route=\/wp\/v2\/types\/page"}],"author":[{"embeddable":true,"href":"https:\/\/fwherold.de\/index.php?rest_route=\/wp\/v2\/users\/1"}],"replies":[{"embeddable":true,"href":"https:\/\/fwherold.de\/index.php?rest_route=%2Fwp%2Fv2%2Fcomments&post=1688"}],"version-history":[{"count":8,"href":"https:\/\/fwherold.de\/index.php?rest_route=\/wp\/v2\/pages\/1688\/revisions"}],"predecessor-version":[{"id":1841,"href":"https:\/\/fwherold.de\/index.php?rest_route=\/wp\/v2\/pages\/1688\/revisions\/1841"}],"wp:attachment":[{"href":"https:\/\/fwherold.de\/index.php?rest_route=%2Fwp%2Fv2%2Fmedia&parent=1688"}],"curies":[{"name":"wp","href":"https:\/\/api.w.org\/{rel}","templated":true}]}}