{"id":1758,"date":"2026-02-24T11:43:51","date_gmt":"2026-02-24T11:43:51","guid":{"rendered":"https:\/\/fwherold.de\/?page_id=1758"},"modified":"2026-02-28T00:45:37","modified_gmt":"2026-02-28T00:45:37","slug":"unsere-umfrage","status":"publish","type":"page","link":"https:\/\/fwherold.de\/?page_id=1758","title":{"rendered":"Unsere Umfrage f\u00fcr Neuburg"},"content":{"rendered":"\n<p>Hallo Neuburg!<\/p>\n\n\n\n<p>Im Zeitraum von Januar bis Mitte Februar 2026 haben wir unsere Umfrage zu unseren Ideen und Ans\u00e4tzen f\u00fcr ein Stadtentwicklungskonzept in Neuburg an der Donau durchgef\u00fchrt.<\/p>\n\n\n\n<p>298 Teilnehmerinnen und Teilnehmer haben sich intensiv beteiligt. Viele von Ihnen haben sich mehr als 25 Minuten Zeit genommen und die Umfrage vollst\u00e4ndig abgeschlossen. Insgesamt haben sich knapp 1000 Menschen informiert, rund ein Drittel hat die Fragen ausf\u00fchrlich bis zum Ende beantwortet. Daf\u00fcr sagen wir von Herzen Danke.<\/p>\n\n\n\n<p>Die Ergebnisse sind nicht repr\u00e4sentativ. Die Umfrage wurde in Neuburg beworben und wir gehen davon aus, dass die meisten R\u00fcckmeldungen aus unserer Stadt stammen. Das legen auch die zahlreichen pers\u00f6nlichen Statements nahe, die wir im Rahmen der Ver\u00f6ffentlichung mit einbeziehen. Auch wenn es keine wissenschaftliche Erhebung ist, zeichnet sie ein deutliches Bild davon, welche Themen die Menschen in Neuburg bewegen.<\/p>\n\n\n\n<p>Es ist uns daher eine Freude, Ihnen die Ergebnisse nun vorzustellen. Unsere Stadtratskandidatinnen und Stadtratskandidaten aus unterschiedlichen Fachbereichen pr\u00e4sentieren in kurzen Videos die jeweiligen Auswertungen und ordnen sie ein.<\/p>\n\n\n\n<p>Unser Ansatz ist klar: Wir fragen nach, bevor wir entscheiden. Wir h\u00f6ren zu, bevor wir gestalten. Stadtentwicklung darf nicht im kleinen Kreis entstehen, sondern im Dialog mit den B\u00fcrgerinnen und B\u00fcrgern.<\/p>\n\n\n\n<p>Eure Freien W\u00e4hler Neuburg, mit OB Kandidat Florian Herold<\/p>\n\n\n\n<p>Erkl\u00e4rungen zu den Videos findet Ihr unter: <a href=\"https:\/\/www.fw-neuburg.de\/wahlen-2026\/stadtentwicklung\" target=\"_blank\" rel=\"noreferrer noopener\">https:\/\/www.fw-neuburg.de\/wahlen-2026\/stadtentwicklung<\/a><\/p>\n\n\n\n<p>Bereich Verkehr<\/p>\n\n\n\n<figure class=\"wp-block-video\"><video height=\"1080\" style=\"aspect-ratio: 1920 \/ 1080;\" width=\"1920\" controls src=\"https:\/\/fwherold.de\/wp-content\/uploads\/2026\/02\/Umfrage-Verkehr-Pfahler.mp4\"><\/video><\/figure>\n\n\n\n<p>Bereich Sicherheit<\/p>\n\n\n\n<figure class=\"wp-block-video\"><video height=\"1080\" style=\"aspect-ratio: 1920 \/ 1080;\" width=\"1920\" controls src=\"https:\/\/fwherold.de\/wp-content\/uploads\/2026\/02\/Umfrage-Sicherheit-Wieland.mp4\"><\/video><\/figure>\n\n\n\n<p>Bereich Soziales<\/p>\n\n\n\n<figure class=\"wp-block-video\"><video height=\"720\" style=\"aspect-ratio: 1280 \/ 720;\" width=\"1280\" controls src=\"https:\/\/fwherold.de\/wp-content\/uploads\/2026\/02\/Umfrage-Sozialwesen-Sissy-Schafferhans-k.mp4\"><\/video><\/figure>\n\n\n\n<p>Bereich Bauwesen<\/p>\n\n\n\n<figure class=\"wp-block-video\"><video height=\"1080\" style=\"aspect-ratio: 1920 \/ 1080;\" width=\"1920\" controls src=\"https:\/\/fwherold.de\/wp-content\/uploads\/2026\/02\/Umfrage-Bauwesen-Thomas.mp4\"><\/video><\/figure>\n\n\n\n<p>Bereich Stadtwerke<\/p>\n\n\n\n<figure class=\"wp-block-video\"><video height=\"1080\" style=\"aspect-ratio: 1920 \/ 1080;\" width=\"1920\" controls src=\"https:\/\/fwherold.de\/wp-content\/uploads\/2026\/02\/Umfrage-Werke-Roland.mp4\"><\/video><\/figure>\n\n\n\n<p>Bereich Kultur und Gemeinschaft<\/p>\n\n\n\n<figure class=\"wp-block-video\"><video height=\"720\" style=\"aspect-ratio: 1280 \/ 720;\" width=\"1280\" controls src=\"https:\/\/fwherold.de\/wp-content\/uploads\/2026\/02\/Umfrage-Ehrenamt-Kerstin-klein.mp4\"><\/video><\/figure>\n\n\n\n<p>Bereich lebendiges Stadtzentrum<\/p>\n\n\n\n<figure class=\"wp-block-video\"><video height=\"1080\" style=\"aspect-ratio: 1920 \/ 1080;\" width=\"1920\" controls src=\"https:\/\/fwherold.de\/wp-content\/uploads\/2026\/02\/Umfrage-Stadtzentrum-Florian.mp4\"><\/video><\/figure>\n\n\n\n<p>Bereich Wirtschaft und Arbeitswelt<\/p>\n\n\n\n<figure class=\"wp-block-video\"><video height=\"1080\" style=\"aspect-ratio: 1920 \/ 1080;\" width=\"1920\" controls src=\"https:\/\/fwherold.de\/wp-content\/uploads\/2026\/02\/Umfrage-Wirtschaft-und-Arbeitswelt-Lars-Schna.mp4\"><\/video><\/figure>\n\n\n\n<p>Bereich unser Neuburg als Dienstleister<\/p>\n\n\n\n<figure class=\"wp-block-video\"><video height=\"720\" style=\"aspect-ratio: 1280 \/ 720;\" width=\"1280\" controls src=\"https:\/\/fwherold.de\/wp-content\/uploads\/2026\/02\/Umfrage-Verwaltung-Friedhelm-Lahn-kl.mp4\"><\/video><\/figure>\n\n\n\n<p>Bereich B\u00fcrgern\u00e4he und Digitalisierung<\/p>\n\n\n\n<figure class=\"wp-block-video\"><video height=\"1080\" style=\"aspect-ratio: 1920 \/ 1080;\" width=\"1920\" controls src=\"https:\/\/fwherold.de\/wp-content\/uploads\/2026\/02\/Umfrage-Digitalisierung-Deniz1.mp4\"><\/video><\/figure>\n\n\n\n<p>Bereich Gesundheitsversorgung<\/p>\n\n\n\n<figure class=\"wp-block-video\"><video height=\"1080\" style=\"aspect-ratio: 1920 \/ 1080;\" width=\"1920\" controls src=\"https:\/\/fwherold.de\/wp-content\/uploads\/2026\/02\/Umfrage-Gesundheit-Christiane-Grohmann.mp4\"><\/video><\/figure>\n\n\n\n<p>Bereich Umwelt und Donau<\/p>\n\n\n\n<figure class=\"wp-block-video\"><video height=\"720\" style=\"aspect-ratio: 1280 \/ 720;\" width=\"1280\" controls src=\"https:\/\/fwherold.de\/wp-content\/uploads\/2026\/02\/Umfrage-Umwelt-und-Donau-Matthias-Winter.mp4\"><\/video><\/figure>\n\n\n\n<p>Bereich Handwerk und Ausbildung<\/p>\n\n\n\n<figure class=\"wp-block-video\"><video height=\"720\" style=\"aspect-ratio: 1280 \/ 720;\" width=\"1280\" controls src=\"https:\/\/fwherold.de\/wp-content\/uploads\/2026\/02\/Umfrage-Ausbildung-und-Handwerk-Verena-Ammon1.mp4\"><\/video><\/figure>\n\n\n\n<p>Wie findet Ihr die Idee des ISEK?<\/p>\n\n\n\n<figure class=\"wp-block-video\"><video height=\"1080\" style=\"aspect-ratio: 1920 \/ 1080;\" width=\"1920\" controls src=\"https:\/\/fwherold.de\/wp-content\/uploads\/2026\/02\/Umfrage-Stadtentwicklung-Christopher-Schaegger.mp4\"><\/video><\/figure>\n\n\n\n<p>Fazit<\/p>\n\n\n\n<figure class=\"wp-block-video\"><video height=\"720\" style=\"aspect-ratio: 1280 \/ 720;\" width=\"1280\" controls src=\"https:\/\/fwherold.de\/wp-content\/uploads\/2026\/02\/Umfrage-Fazit-Florian-Herold-kl.mp4\"><\/video><\/figure>\n","protected":false},"excerpt":{"rendered":"<p>Hallo Neuburg! Im Zeitraum von Januar bis Mitte Februar 2026 haben wir unsere Umfrage zu unseren Ideen und Ans\u00e4tzen f\u00fcr ein Stadtentwicklungskonzept in Neuburg an der Donau durchgef\u00fchrt. 298 Teilnehmerinnen und Teilnehmer haben sich intensiv beteiligt. Viele von Ihnen haben sich mehr als 25 Minuten Zeit genommen und die Umfrage vollst\u00e4ndig abgeschlossen. Insgesamt haben sich &hellip; <\/p>\n<p class=\"link-more\"><a href=\"https:\/\/fwherold.de\/?page_id=1758\" class=\"more-link\"><span class=\"screen-reader-text\">\u201eUnsere Umfrage f\u00fcr Neuburg\u201c <\/span>weiterlesen<\/a><\/p>\n","protected":false},"author":1,"featured_media":0,"parent":0,"menu_order":0,"comment_status":"closed","ping_status":"closed","template":"","meta":{"footnotes":""},"class_list":["post-1758","page","type-page","status-publish","hentry"],"_links":{"self":[{"href":"https:\/\/fwherold.de\/index.php?rest_route=\/wp\/v2\/pages\/1758","targetHints":{"allow":["GET"]}}],"collection":[{"href":"https:\/\/fwherold.de\/index.php?rest_route=\/wp\/v2\/pages"}],"about":[{"href":"https:\/\/fwherold.de\/index.php?rest_route=\/wp\/v2\/types\/page"}],"author":[{"embeddable":true,"href":"https:\/\/fwherold.de\/index.php?rest_route=\/wp\/v2\/users\/1"}],"replies":[{"embeddable":true,"href":"https:\/\/fwherold.de\/index.php?rest_route=%2Fwp%2Fv2%2Fcomments&post=1758"}],"version-history":[{"count":13,"href":"https:\/\/fwherold.de\/index.php?rest_route=\/wp\/v2\/pages\/1758\/revisions"}],"predecessor-version":[{"id":1853,"href":"https:\/\/fwherold.de\/index.php?rest_route=\/wp\/v2\/pages\/1758\/revisions\/1853"}],"wp:attachment":[{"href":"https:\/\/fwherold.de\/index.php?rest_route=%2Fwp%2Fv2%2Fmedia&parent=1758"}],"curies":[{"name":"wp","href":"https:\/\/api.w.org\/{rel}","templated":true}]}}