{"id":5,"date":"2019-04-19T09:46:03","date_gmt":"2019-04-19T09:46:03","guid":{"rendered":"http:\/\/fwherold.de\/?page_id=5"},"modified":"2020-12-16T13:29:34","modified_gmt":"2020-12-16T13:29:34","slug":"impressum","status":"publish","type":"page","link":"https:\/\/fwherold.de\/?page_id=5","title":{"rendered":"Impressum"},"content":{"rendered":"\n<p>Inhaltlich Verantwortlicher gem\u00e4\u00df \u00a7 5 TMG: <\/p>\n\n\n\n<p>Florian Herold<\/p>\n\n\n\n<p>Kontakt:<\/p>\n\n\n\n<p>Angerstra\u00dfe 46<\/p>\n\n\n\n<p>86633 Neuburg<\/p>\n\n\n\n<p>08431&nbsp; 9729<\/p>\n\n\n\n<p>info@fw-nd.de<\/p>\n\n\n\n<p>Verantwortlich\nf\u00fcr den Inhalt nach \u00a7 55 Abs. 2 RStV:<\/p>\n\n\n\n<p>Florian Herold<\/p>\n\n\n\n<p>Das Impressum\ng\u00fcltig f\u00fcr die Internetpr\u00e4senz:<\/p>\n\n\n\n<p>www.fwherold.de<\/p>\n\n\n\n<p>Webdesign, Layout und Grafik: Florian Herold<\/p>\n\n\n\n<p>Bildmaterial\/ Bildquellen:<\/p>\n\n\n\n<ul class=\"wp-block-list\"><li>Florian\nHerold<\/li><li>Weitere Angaben\nam Bild<\/li><\/ul>\n\n\n\n<p>Streitschlichtung:<\/p>\n\n\n\n<p>Wir sind nicht\nbereit oder verpflichtet, an Streitbeilegungsverfahren vor einer\nVerbraucherschlichtungsstelle teilzunehmen.<\/p>\n\n\n\n<p>Haftungshinweis\nallgemein:<\/p>\n\n\n\n<p>Eine Haftung f\u00fcr\ndie Richtigkeit der Informationen auf den Websites kann trotz sorgf\u00e4ltiger\nPr\u00fcfung durch uns nicht \u00fcbernommen werden. F\u00fcr die namentlich gekennzeichneten\nBeitr\u00e4ge \u00fcbernehmen wir lediglich\ndie presserechtliche Verantwortung.<\/p>\n\n\n\n<p>Schadenersatzanspr\u00fcche\nsind ausgeschlossen, soweit wir nicht Vorsatz oder grobe Fahrl\u00e4ssigkeit zu\nvertreten haben. Dies gilt auch f\u00fcr Anspr\u00fcche auf Ersatz von Folgesch\u00e4den wie\nDatenverlust.<\/p>\n\n\n\n<p>Auf den Websites\nwiedergegebene Produktbezeichnungen und Logos sind zu Gunsten der jeweiligen\nHersteller als Warenzeichen und eingetragene Warenzeichen gesch\u00fctzt. <\/p>\n\n\n\n<p>Haftung f\u00fcr\nInhalte<\/p>\n\n\n\n<p>Als\nDiensteanbieter sind wir gem\u00e4\u00df \u00a7 7 Abs.1 TMG f\u00fcr eigene Inhalte auf diesen\nSeiten nach den allgemeinen Gesetzen verantwortlich. Nach \u00a7\u00a7 8 bis 10 TMG sind\nwir als Diensteanbieter jedoch nicht verpflichtet, \u00fcbermittelte oder\ngespeicherte fremde Informationen zu \u00fcberwachen oder nach Umst\u00e4nden zu\nforschen, die auf eine rechtswidrige T\u00e4tigkeit hinweisen.<\/p>\n\n\n\n<p>Verpflichtungen\nzur Entfernung oder Sperrung der Nutzung von Informationen nach den allgemeinen\nGesetzen bleiben hiervon unber\u00fchrt. Eine diesbez\u00fcgliche Haftung ist jedoch erst\nab dem Zeitpunkt der Kenntnis einer konkreten Rechtsverletzung m\u00f6glich. Bei\nBekanntwerden von entsprechenden Rechtsverletzungen werden wir diese Inhalte\numgehend entfernen.<\/p>\n\n\n\n<p>Haftung f\u00fcr Links<\/p>\n\n\n\n<p>Unser Angebot\nenth\u00e4lt Links zu externen Websites Dritter, auf deren Inhalte wir keinen\nEinfluss haben. Deshalb k\u00f6nnen wir f\u00fcr diese fremden Inhalte auch keine Gew\u00e4hr\n\u00fcbernehmen. F\u00fcr die Inhalte der verlinkten Seiten ist stets der jeweilige\nAnbieter oder Betreiber der Seiten verantwortlich. Die verlinkten Seiten wurden\nzum Zeitpunkt der Verlinkung auf m\u00f6gliche Rechtsverst\u00f6\u00dfe \u00fcberpr\u00fcft.\nRechtswidrige Inhalte waren zum Zeitpunkt der Verlinkung nicht erkennbar.<\/p>\n\n\n\n<p>Eine permanente\ninhaltliche Kontrolle der verlinkten Seiten ist jedoch ohne konkrete\nAnhaltspunkte einer Rechtsverletzung nicht zumutbar. Bei Bekanntwerden von\nRechtsverletzungen werden wir derartige Links umgehend entfernen.<\/p>\n\n\n\n<p>Urheberrecht<\/p>\n\n\n\n<p>Die durch die\nSeitenbetreiber erstellten Inhalte und Werke auf diesen Seiten unterliegen dem\ndeutschen Urheberrecht. Die Vervielf\u00e4ltigung, Bearbeitung, Verbreitung und jede\nArt der Verwertung au\u00dferhalb der Grenzen des Urheberrechtes bed\u00fcrfen der\nschriftlichen Zustimmung des jeweiligen Autors bzw. Erstellers. Downloads und\nKopien dieser Seite sind nur f\u00fcr den privaten, nicht kommerziellen Gebrauch\ngestattet.<\/p>\n\n\n\n<p>Soweit die\nInhalte auf dieser Seite nicht vom Betreiber erstellt wurden, werden die\nUrheberrechte Dritter beachtet. Insbesondere werden Inhalte Dritter als solche\ngekennzeichnet. Sollten Sie trotzdem auf eine Urheberrechtsverletzung\naufmerksam werden, bitten wir um einen entsprechenden Hinweis. Bei\nBekanntwerden von Rechtsverletzungen werden wir derartige Inhalte umgehend\nentfernen.<\/p>\n\n\n\n<p>Die auf der\nWebsite verwendeten Texte, Bilder, Grafiken, Metatags, Dateien, Videos,&nbsp; Linksammlung usw. unterliegen dem\nUrheberrecht und anderen Gesetzen zum Schutz des geistigen Eigentums. Ihre\nWeitergabe, Ver\u00e4nderung, gewerbliche Nutzung oder Verwendung in anderen\nWebsites oder Medien ist nicht gestattet. Rechtsverst\u00f6\u00dfe werden rechtlich\nverfolgt.<\/p>\n\n\n\n<p>Ausschluss<\/p>\n\n\n\n<p>Dieser Haftungsausschluss ist als Teil des Internetangebotes zu\nbetrachten, von dem aus auf diese Seite verwiesen wurde. Sofern Teile oder\neinzelne Formulierungen dieses Textes der geltenden Rechtslage nicht, nicht\nmehr oder nicht vollst\u00e4ndig entsprechen sollten, bleiben die \u00fcbrigen Teile des\nDokumentes in ihrem Inhalt und ihrer G\u00fcltigkeit davon unber\u00fchrt.<\/p>\n\n\n\n<p>Zusatz:<\/p>\n\n\n\n<p>\u00a9 Copyright 2019,\nalle Rechte vorbehalten.&nbsp; Jegliche\nVervielf\u00e4ltigung oder Weiterverbreitung in jedem Medium als Ganzes oder in\nTeilen bedarf der schriftlichen Zustimmung von uns.<\/p>\n\n\n\n\n\n<p><\/p>\n","protected":false},"excerpt":{"rendered":"<p>Inhaltlich Verantwortlicher gem\u00e4\u00df \u00a7 5 TMG: Florian Herold Kontakt: Angerstra\u00dfe 46 86633 Neuburg 08431&nbsp; 9729 info@fw-nd.de Verantwortlich f\u00fcr den Inhalt nach \u00a7 55 Abs. 2 RStV: Florian Herold Das Impressum g\u00fcltig f\u00fcr die Internetpr\u00e4senz: www.fwherold.de Webdesign, Layout und Grafik: Florian Herold Bildmaterial\/ Bildquellen: Florian Herold Weitere Angaben am Bild Streitschlichtung: Wir sind nicht bereit oder &hellip; <\/p>\n<p class=\"link-more\"><a href=\"https:\/\/fwherold.de\/?page_id=5\" class=\"more-link\"><span class=\"screen-reader-text\">\u201eImpressum\u201c <\/span>weiterlesen<\/a><\/p>\n","protected":false},"author":1,"featured_media":0,"parent":0,"menu_order":0,"comment_status":"closed","ping_status":"closed","template":"","meta":{"footnotes":""},"class_list":["post-5","page","type-page","status-publish","hentry"],"_links":{"self":[{"href":"https:\/\/fwherold.de\/index.php?rest_route=\/wp\/v2\/pages\/5","targetHints":{"allow":["GET"]}}],"collection":[{"href":"https:\/\/fwherold.de\/index.php?rest_route=\/wp\/v2\/pages"}],"about":[{"href":"https:\/\/fwherold.de\/index.php?rest_route=\/wp\/v2\/types\/page"}],"author":[{"embeddable":true,"href":"https:\/\/fwherold.de\/index.php?rest_route=\/wp\/v2\/users\/1"}],"replies":[{"embeddable":true,"href":"https:\/\/fwherold.de\/index.php?rest_route=%2Fwp%2Fv2%2Fcomments&post=5"}],"version-history":[{"count":8,"href":"https:\/\/fwherold.de\/index.php?rest_route=\/wp\/v2\/pages\/5\/revisions"}],"predecessor-version":[{"id":637,"href":"https:\/\/fwherold.de\/index.php?rest_route=\/wp\/v2\/pages\/5\/revisions\/637"}],"wp:attachment":[{"href":"https:\/\/fwherold.de\/index.php?rest_route=%2Fwp%2Fv2%2Fmedia&parent=5"}],"curies":[{"name":"wp","href":"https:\/\/api.w.org\/{rel}","templated":true}]}}