{"id":8,"date":"2019-04-19T13:56:33","date_gmt":"2019-04-19T13:56:33","guid":{"rendered":"http:\/\/fwherold.de\/?page_id=8"},"modified":"2019-05-02T13:03:07","modified_gmt":"2019-05-02T13:03:07","slug":"datenschutzerklaerung","status":"publish","type":"page","link":"https:\/\/fwherold.de\/?page_id=8","title":{"rendered":"Datenschutzerkl\u00e4rung"},"content":{"rendered":"\n<p><strong>Datenschutzerkl\u00e4rung<\/strong><\/p>\n\n\n\n<p><strong>1. Kontaktdaten<\/strong><\/p>\n\n\n\n<p><strong>Verantwortliche Person:<\/strong><\/p>\n\n\n\n<p>Florian Herold<\/p>\n\n\n\n<p>B\u00f6heimbstr.9<\/p>\n\n\n\n<p>86633\nNeuburg<\/p>\n\n\n\n<p><strong>Ansprechpartner \/ <\/strong><strong>Sie k\u00f6nnen uns \u00fcber folgende\nKontakte erreichen:<br>\n<br>\n<\/strong><\/p>\n\n\n\n<p>Florian\nHerold<\/p>\n\n\n\n<p>Telefon:\n0177 3313290<\/p>\n\n\n\n<p>Mail: admin@fw-nd.de<\/p>\n\n\n\n<p><strong>2. Grunds\u00e4tzliches <\/strong><\/p>\n\n\n\n<p>Der Schutz Ihrer pers\u00f6nlichen Daten ist uns ein\nbesonderes Anliegen. Wir verarbeiten Ihre Daten daher ausschlie\u00dflich auf\nGrundlage der gesetzlichen Bestimmungen (DSGVO, BDSG-neu, TMG). In diesen\nDatenschutzinformationen informieren wir Sie \u00fcber die wichtigsten Aspekte der\nDatenverarbeitung im Rahmen unserer Website. Wir wollen Ihre gesetzlichen\nRechte achten, wir stehen Ihnen f\u00fcr Fragen zur Verf\u00fcgung und damit Sie Ihre\nRechte geltend machen k\u00f6nnen, wenden Sie sich bitte an uns. <\/p>\n\n\n\n<p><strong>3.&nbsp; Kontaktformular<\/strong><\/p>\n\n\n\n<p>Wenn Sie per Formular auf der Website oder per\nE-Mail-Kontakt mit uns aufnehmen, werden Ihre angegebenen Daten zwecks\nBearbeitung der Anfrage und f\u00fcr den Fall von Anschlussfragen sechs Monate bei\nuns gespeichert. Diese Daten geben wir nicht ohne Ihre Einwilligung weiter.<\/p>\n\n\n\n<p><strong>4. Unsere Website verwendet sogenannte Cookies<\/strong><\/p>\n\n\n\n<p>Dabei handelt es sich um\nkleine Textdateien, die mit Hilfe des Browsers auf Ihrem Endger\u00e4t abgelegt\nwerden. Sie richten keinen Schaden an. Wir nutzen Cookies dazu, unser Angebot nutzerfreundlich\nzu gestalten. Einige Cookies bleiben auf Ihrem Endger\u00e4t gespeichert, bis Sie\ndiese l\u00f6schen. Sie erm\u00f6glichen es uns, Ihren Browser beim n\u00e4chsten Besuch\nwiederzuerkennen. Wenn Sie dies nicht w\u00fcnschen, so k\u00f6nnen Sie Ihren Browser so\neinrichten, dass er Sie \u00fcber das Setzen von Cookies informiert und Sie dies nur\nim Einzelfall erlauben. Bei der Deaktivierung von Cookies kann die\nFunktionalit\u00e4t unserer Website einschr\u00e4nken. Wenn wir die Cookie Funktion\naktiviert haben werden Sie beim Besuch der Webseite darauf hingewiesen. <\/p>\n\n\n\n<p><strong>5. Welche Daten wir erheben und verarbeiten<\/strong><\/p>\n\n\n\n<p><strong>Log-Daten<\/strong><br>\nWenn Sie unsere Webseite besuchen (wie auch bei jeder anderen Webseite)\n\u00fcbermittelt das Ger\u00e4t, mit dem Sie die Seite aufrufen, automatisch Log-Daten (Verbindungsdaten)\nan unsere Server. Log-Daten enthalten die IP-Adresse des Ger\u00e4tes, mit dem Sie\nauf die Website oder einen Dienst zugreifen, die Art des Browsers, mit dem Sie\nzugreifen, die Webseite, die Sie zuvor besucht haben, Ihre Systemkonfiguration\nsowie Datum und Zeitangaben. Wir haben unsere Domain bei der Firma Strato\ngehostet. Dort werden die Daten unter folgenden Richtlinien bis maximal 7 Tage,\nzur Erkennung und Abwehr von Angriffen, gespeichert. Mehr dazu finden Sie\nunter: <a href=\"https:\/\/www.strato.de\/datenschutz\/\">https:\/\/www.strato.de\/datenschutz\/<\/a> <\/p>\n\n\n\n<p><strong>Wir nutzen\nfolgende Tracking- und Analysetools: <\/strong><\/p>\n\n\n\n<p>Wir informieren \u00fcber die Systeme, es kann aber sein\ndas wir diese nicht immer in Verwendung haben. <\/p>\n\n\n\n<p><strong>Google Analytics:<\/strong> Wir nutzen auf unserer Webseite den\nWebanalysedienst Google Analytics von Google Inc. Dieser setzt Cookies ein.\nDabei handelt es sich um Textdateien, die durch Speicherung auf Ihrem PC eine\nAnalyse zu Ihrem Nutzerverhalten in Bezug auf unsere Webseite erlauben. Die\nCookies erzeugen Informationen, die an einen Google-Server \u00fcbertragen werden.\nDiese Server befinden sich in der Regel in den USA, folgen aber Abkommen zur\nNutzung des europ\u00e4ischen Wirtschaftsraumes und k\u00fcrzen Ihre IP-Adresse vor\n\u00dcbermittlung in die Vereinigten Staaten. Nur in Ausnahmef\u00e4llen wird die\nIP-Adresse erst nach \u00dcbermittlung in die USA gek\u00fcrzt. Google wertet die\n\u00fcbermittelten Informationen aus und erbringt in diesem Kontext weitere\nDienstleistungen f\u00fcr uns Webseitenbetreiber. Dabei wird die ermittelte IP-Adresse\nnicht mit anderen Google-Services zusammengef\u00fchrt. \u00dcber eine \u00c4nderung Ihrer\nBrowsereinstellungen k\u00f6nnen Sie die Speicherung von Cookies auf Ihrem Rechner\nunterbinden. Damit k\u00f6nnen allerdings Darstellungs- und Funktionseinschr\u00e4nkungen\nbei der Nutzung unserer Webseite verbunden sein. Ein Browser-Plugin verhindert\ndar\u00fcber hinaus die Erfassung sowie Nutzung der durch die Cookies erzeugten\nDaten. Sie k\u00f6nnen es unter folgendem Link herunterladen:\nhttps:\/\/tools.google.com\/dlpage\/gaoptout?hl=de erfahren Sie mehr zu den\nDatenschutzbedingungen von Google und Google Analytics unter:\nhttp:\/\/www.google.com\/analytics\/terms\/de.html oder unter\nhttps:\/\/www.google.de\/intl\/de\/policies\/. <\/p>\n\n\n\n<p><strong>Google Adwords:<\/strong> Unsere Website verwendet Google AdWords. Anbieter ist die Google Inc.,\n1600 Amphitheatre Parkway, Mountain View, CA 94043, United States.<\/p>\n\n\n\n<p>AdWords ist ein Online-Werbeprogramm. Im Rahmen\ndes Online-Werbeprogramms arbeiten wir mit Conversion-Tracking. Nach einem\nKlick auf eine von Google geschaltete Anzeige wird ein Cookie f\u00fcr das\nConversion-Tracking gesetzt. Cookies sind kleine Textdateien, die Ihr\nWebbrowser auf Ihrem Endger\u00e4t speichert. Google AdWords Cookies verlieren nach\n30 Tagen ihre G\u00fcltigkeit und dienen nicht der pers\u00f6nlichen Identifizierung der\nNutzer. Am Cookie k\u00f6nnen Google und wir erkennen, dass Sie auf eine Anzeige\ngeklickt haben und zu unserer Website weitergeleitet wurden.<\/p>\n\n\n\n<p>Jeder Google AdWords-Kunde erh\u00e4lt ein anderes\nCookie. Die Cookies sind nicht \u00fcber Websites von AdWords-Kunden nachverfolgbar.\nMit Conversion-Cookies werden Conversion-Statistiken f\u00fcr AdWords-Kunden, die\nConversion-Tracking einsetzen, erstellt. Adwords-Kunden erfahren wie viele\nNutzer auf ihre Anzeige geklickt haben und auf Seiten mit\nConversion-Tracking-Tag weitergeleitet wurden. AdWords-Kunden erhalten jedoch\nkeine Informationen, die eine pers\u00f6nliche Identifikation der Nutzer\nerm\u00f6glichen. Wenn Sie nicht am Tracking teilnehmen m\u00f6chten, k\u00f6nnen Sie einer\nNutzung widersprechen. Hier ist das Conversion-Cookie in den\nNutzereinstellungen des Browsers zu deaktivieren. So findet auch keine Aufnahme\nin die Conversion-Tracking Statistiken statt.<\/p>\n\n\n\n<p>Die Speicherung von \u201cConversion-Cookies\u201d erfolgt\nauf Grundlage von Art. 6 Abs. 1 lit. f DSGVO. Wir als Websitebetreiber haben\nein berechtigtes Interesse an der Analyse des Nutzerverhaltens, um unser\nWebangebot und unsere Werbung zu optimieren.<\/p>\n\n\n\n<p>Einzelheiten zu Google AdWords und Google\nConversion-Tracking finden Sie in den Datenschutzbestimmungen von Google: <a href=\"https:\/\/www.google.de\/policies\/privacy\/\">https:\/\/www.google.de\/policies\/privacy\/<\/a>.<\/p>\n\n\n\n<p>Mit einem modernen Webbrowser k\u00f6nnen Sie das\nSetzen von Cookies \u00fcberwachen, einschr\u00e4nken oder unterbinden. Die Deaktivierung\nvon Cookies kann eine eingeschr\u00e4nkte Funktionalit\u00e4t unserer Website zur Folge\nhaben.<\/p>\n\n\n\n<p><strong>Facebook:<\/strong> <\/p>\n\n\n\n<p>Diese\nWebsite verlinkt zu Facebook. Mit einem Klick auf diesen Link verlassen Sie\ndiese Webpr\u00e4senz und stellen eine direkte Verbindung zwischen Ihrem Browser und\nden Facebook Servern her. Informationen zu den Daten, welche anschlie\u00dfend von\nder Facebook Inc. erhoben werden, finden Sie hier:\nhttps:\/\/www.facebook.com\/privacy\/explanation<\/p>\n\n\n\n<p><strong>YouTube:<\/strong><\/p>\n\n\n\n<p>F\u00fcr Integration und Darstellung von Videoinhalten\nnutzt unsere Website Plugins von YouTube. Anbieter des Videoportals ist die\nYouTube, LLC, 901 Cherry Ave., San Bruno, CA 94066, USA. Bei Aufruf einer Seite\nmit integriertem YouTube-Plugin wird eine Verbindung zu den Servern von YouTube\nhergestellt. YouTube erf\u00e4hrt hierdurch, welche unserer Seiten Sie aufgerufen\nhaben. YouTube kann Ihr Surfverhalten direkt Ihrem pers\u00f6nlichen Profil\nzuzuordnen, sollten Sie in Ihrem YouTube Konto eingeloggt sein. Durch\nvorheriges Ausloggen haben Sie die M\u00f6glichkeit, dies zu unterbinden. Die\nNutzung von YouTube erfolgt im Interesse einer ansprechenden Darstellung\nunserer Online-Angebote. Dies stellt ein berechtigtes Interesse im Sinne von\nArt. 6 Abs. 1 lit. f DSGVO dar. Einzelheiten zum Umgang mit Nutzerdaten finden\nSie in der Datenschutzerkl\u00e4rung von YouTube unter: <a href=\"https:\/\/www.google.de\/intl\/de\/policies\/privacy\">https:\/\/www.google.de\/intl\/de\/policies\/privacy<\/a>.<\/p>\n\n\n\n<p><strong>6. Rechtsgrundlage der Verarbeitung <\/strong><\/p>\n\n\n\n<p>Die\nDatenverarbeitung erfolgt auf Basis der gesetzlichen Bestimmungen des \u00a7147\nAO&nbsp; (Speicherung&nbsp; aufgrund&nbsp;\nsteuerrechtlicher Dokumentationspflichten) des&nbsp; Art 6 Abs&nbsp;\n1&nbsp; lit&nbsp; a&nbsp;\n(Einwilligung)&nbsp; und\/oder&nbsp; lit&nbsp;\nb&nbsp; (notwendig&nbsp; zur&nbsp;\nVertragserf\u00fcllung)&nbsp; der DSGVO.<\/p>\n\n\n\n<p><strong>7. Dauer der Speicherung<\/strong><\/p>\n\n\n\n<p>Wir verarbeiten und speichern personenbezogene Daten\nnur f\u00fcr den Zeitraum, der zur Erreichung des Speicherungszwecks erforderlich\nist oder sofern dies gesetzlich vorgeschrieben wurde.<\/p>\n\n\n\n<p><strong>8. SSL- Verschl\u00fcsselung<\/strong><\/p>\n\n\n\n<p>Unsere Webseite bedient sich einer\nSSL-Verschl\u00fcsselung, wenn es um die \u00dcbermittlung vertraulicher oder\npers\u00f6nlicher Inhalte unserer Nutzer geht. Diese Verschl\u00fcsslung wird zum\nBeispiel bei der Abwicklung von Zahlungsverkehr sowie bei Anfragen aktiviert,\ndie Sie an uns \u00fcber unsere Webseite stellen. Achten Sie bitte darauf, dass die\nSSL-Verschl\u00fcsselung bei entsprechenden Aktivit\u00e4ten von Ihrer Seite her\naktiviert ist. Der Einsatz der Verschl\u00fcsselung ist leicht zu erkennen: Die\nAnzeige in Ihrer Browserzeile wechselt von \u201ehttp:\/\/\u201c zu \u201ehttps:\/\/\u201c. \u00dcber SSL\nverschl\u00fcsselte Daten sind nicht von Dritten lesbar. \u00dcbermitteln Sie Ihre\nvertraulichen Informationen nur bei aktivierter SSL-Verschl\u00fcsselung und wenden\nSie sich im Zweifel an uns. <\/p>\n\n\n\n<p><strong>9. Inhalte und Dienste von\nDrittanbietern<\/strong><\/p>\n\n\n\n<p>Das Angebot auf unserer Webseite erfasst unter\nUmst\u00e4nden auch Inhalte, Dienste und Leistungen von anderen Anbietern, die unser\nAngebot erg\u00e4nzen. Beispiele f\u00fcr solche Angebote sind Karten von Google-Maps,\nYouTube-Videos oder Grafikdarstellungen Dritter. Der Aufruf dieser Leistungen\nvon dritter Seite erfordert regelm\u00e4\u00dfig die \u00dcbermittlung Ihrer IP-Adresse. Damit\nist es diesen Anbietern m\u00f6glich, Ihre Nutzer-IP-Adresse wahrzunehmen und diese\nauch zu speichern. Wir bem\u00fchen uns sehr, nur solche Drittanbieter\neinzubeziehen, die IP-Adressen allein zur Auslieferung der Inhalte nutzen. Wir\nhaben dabei jedoch keinen Einfluss darauf, welcher Drittanbieter gegebenenfalls\ndie IP-Adresse speichert. Diese Speicherung kann zum Beispiel statistischen\nZwecken dienen. Sollten wir von Speicherungsvorg\u00e4ngen durch Drittanbieter\nKenntnis erlangen, weisen wir unsere Nutzer unverz\u00fcglich auf diese Tatsache\nhin. Beachten Sie bitte in diesem Zusammenhang auch die speziellen\nDatenschutzerkl\u00e4rungen zu einzelnen Drittanbietern und Dienstleistern, deren\nService wir auf unserer Webseite nutzen. Sie finden Sie ebenfalls in dieser\nDatenschutzerkl\u00e4rung. <\/p>\n\n\n\n<p><strong>10. Ihre Rechte<\/strong><\/p>\n\n\n\n<p>Sie erhalten jederzeit unentgeltlich Auskunft \u00fcber die\nvon uns gespeicherten personenbezogenen Daten zu Ihrer Person sowie zur\nHerkunft, dem Empf\u00e4nger und dem Zweck von Datenerhebung sowie\nDatenverarbeitung. Au\u00dferdem haben Sie das Recht, die Berichtigung, die Sperrung\noder L\u00f6schung Ihrer Daten zu verlangen. Ausgenommen davon sind Daten, die\naufgrund gesetzlicher Vorschriften aufbewahrt oder zur ordnungsgem\u00e4\u00dfen\nGesch\u00e4ftsabwicklung ben\u00f6tigt werden. Damit eine Datensperre jederzeit\nrealisiert werden kann, werden Daten zu Kontrollzwecken in einer Sperrdatei vorgehalten.\nWerden Daten nicht von einer gesetzlichen Archivierungspflicht erfasst, l\u00f6schen\nwir Ihre Daten auf Ihren Wunsch. Greift die Archivierungspflicht, sperren wir\nIhre Daten. F\u00fcr alle Fragen und Anliegen zur Berichtigung, Sperrung oder\nL\u00f6schung von personenbezogenen Daten wenden Sie sich bitte an unter den\nKontaktdaten in dieser Datenschutzerkl\u00e4rung bzw. an die im Impressum genannte\nAdresse. <\/p>\n\n\n\n<p>Ihre Rechte zusammengefasst:<\/p>\n\n\n\n<ul class=\"wp-block-list\"><li>Auskunft\nbzgl. der Erhebung und Verwendung Ihrer Daten, <\/li><li>Berichtigung\nIhrer Daten, <\/li><li>L\u00f6schung\nIhrer Daten, soweit gesetzliche Vorgaben oder die Vertragsabwicklung nicht die\nweitere Speicherung erforderlich macht, <\/li><li>Einschr\u00e4nkung\nder Nutzung Ihrer Daten, <\/li><li>Daten\u00fcbertragbarkeit,\n<\/li><li>Jederzeitiger\nWiderruf der von Ihnen erteilen Einwilligung sowie <\/li><li>Widerspruch\neiner bestimmten Datenverarbeitung<\/li><\/ul>\n\n\n\n<p>Wenn Sie\nder Auffassung sind, dass die Verarbeitung Ihrer Daten gegen das\nDatenschutzrecht verst\u00f6\u00dft oder Ihre datenschutzrechtlichen Anspr\u00fcche sonst in\neiner Weise&nbsp; verletzt&nbsp; worden&nbsp;\nsind,&nbsp; k\u00f6nnen&nbsp; Sie&nbsp; ich&nbsp; bei&nbsp;\nder&nbsp; Aufsichtsbeh\u00f6rde&nbsp; beschweren.<\/p>\n\n\n\n<p>Quelle: Eigene Rechtsberatung \/ Hinweise auf Strato,\nFacebook &amp; Google \/ Datenschutz-Konfigurator von <a href=\"http:\/\/www.mein-datenschutzbeauftragter.de\">mein-datenschutzbeauftragter.de<\/a> <\/p>\n","protected":false},"excerpt":{"rendered":"<p>Datenschutzerkl\u00e4rung 1. Kontaktdaten Verantwortliche Person: Florian Herold B\u00f6heimbstr.9 86633 Neuburg Ansprechpartner \/ Sie k\u00f6nnen uns \u00fcber folgende Kontakte erreichen: Florian Herold Telefon: 0177 3313290 Mail: admin@fw-nd.de 2. Grunds\u00e4tzliches Der Schutz Ihrer pers\u00f6nlichen Daten ist uns ein besonderes Anliegen. Wir verarbeiten Ihre Daten daher ausschlie\u00dflich auf Grundlage der gesetzlichen Bestimmungen (DSGVO, BDSG-neu, TMG). In diesen Datenschutzinformationen &hellip; <\/p>\n<p class=\"link-more\"><a href=\"https:\/\/fwherold.de\/?page_id=8\" class=\"more-link\"><span class=\"screen-reader-text\">\u201eDatenschutzerkl\u00e4rung\u201c <\/span>weiterlesen<\/a><\/p>\n","protected":false},"author":1,"featured_media":0,"parent":0,"menu_order":0,"comment_status":"closed","ping_status":"closed","template":"","meta":{"footnotes":""},"class_list":["post-8","page","type-page","status-publish","hentry"],"_links":{"self":[{"href":"https:\/\/fwherold.de\/index.php?rest_route=\/wp\/v2\/pages\/8","targetHints":{"allow":["GET"]}}],"collection":[{"href":"https:\/\/fwherold.de\/index.php?rest_route=\/wp\/v2\/pages"}],"about":[{"href":"https:\/\/fwherold.de\/index.php?rest_route=\/wp\/v2\/types\/page"}],"author":[{"embeddable":true,"href":"https:\/\/fwherold.de\/index.php?rest_route=\/wp\/v2\/users\/1"}],"replies":[{"embeddable":true,"href":"https:\/\/fwherold.de\/index.php?rest_route=%2Fwp%2Fv2%2Fcomments&post=8"}],"version-history":[{"count":3,"href":"https:\/\/fwherold.de\/index.php?rest_route=\/wp\/v2\/pages\/8\/revisions"}],"predecessor-version":[{"id":32,"href":"https:\/\/fwherold.de\/index.php?rest_route=\/wp\/v2\/pages\/8\/revisions\/32"}],"wp:attachment":[{"href":"https:\/\/fwherold.de\/index.php?rest_route=%2Fwp%2Fv2%2Fmedia&parent=8"}],"curies":[{"name":"wp","href":"https:\/\/api.w.org\/{rel}","templated":true}]}}